{"id":2575,"date":"2019-04-09T12:03:39","date_gmt":"2019-04-09T12:03:39","guid":{"rendered":"https:\/\/banekomerc.rs\/our-products\/polipropilenska-tkanina\/"},"modified":"2019-05-31T09:43:48","modified_gmt":"2019-05-31T09:43:48","slug":"pp-woven-fabric1","status":"publish","type":"page","link":"https:\/\/banekomerc.rs\/en\/our-products\/pp-woven-fabric1\/","title":{"rendered":"PP Woven fabric1"},"content":{"rendered":"<p>[vc_row][vc_column]<div class=\"title-section  style1\">\n\t\t<h1 class=\"title\">\n\t\t\tPP Woven fabric \t\t\t\n\t\t<\/h1>\t\t\n\t\t\n\n\t<\/div>[vc_gallery type=&#8221;flexslider_slide&#8221; interval=&#8221;3&#8243; images=&#8221;2576&#8243; img_size=&#8221;full&#8221; onclick=&#8221;&#8221;][vc_empty_space height=&#8221;24px&#8221;][\/vc_column][\/vc_row][vc_row][vc_column][vc_column_text]<\/p>\n<h4 class=\"box-title\">Standardni tipovi manile veziva su:<\/h4>\n<ul class=\"flat-list\">\n<li>T-320 m\/kg<\/li>\n<li>T-500 m\/kg<\/li>\n<li>T-800 m\/kg<\/li>\n<li>T-1200 m\/kg<\/li>\n<li>T-1500 m\/kg<\/li>\n<li>namotane na kaleme od 1\/2 kg do 5 kg<\/li>\n<\/ul>\n<p>[\/vc_column_text][vc_empty_space height=&#8221;24px&#8221;][vc_column_text]<\/p>\n<h4 class=\"box-title\">Polipropilenska tkanina &#8211; vezivo<\/h4>\n<p>Na\u0161e vezivo se standardno radi sa UV stabilizatorom u beloj boji ili u drugoj boji po zahtevu kupaca.[\/vc_column_text][vc_empty_space height=&#8221;24px&#8221;][vc_column_text]<\/p>\n<h4 class=\"box-title\">Polipropilenska tkanina &#8211; klup\u010di\u0107i<\/h4>\n<p>Klup\u010di\u0107i se rade u raznim bojama, od 400-500 gr, od tipova manile 800, 1200 i 1500 m\/kg.[\/vc_column_text][vc_empty_space height=&#8221;24px&#8221;][vc_column_text]<\/p>\n<h4 class=\"box-title\">PP Woven fabric &#8211; application<\/h4>\n<p>PP fabrics serve many industries around the world because they provide the best solution for a strong, reliable and economical packaging. These lightweight fabrics are most suitable for packaging bags suitable for industrial bags, finished products for complete production. They are made of quality polypropylene material and are known for their tensile strength, low stretching, dimensional stability and wear resistance. PP fabrics are very useful because they can be used for making sacks, Big-bag bags, as a blanket, bags for packing cereals and chemicals.<\/p>\n<p>How ever , fabrics are available in the form of rolls, so that they can be easily loaded on any machine for automatic cutting and sewing. We are leading and recognized names in the field of polypropylene fabric supply. This PP fabric helps to provide powerful, reliable and economical packaging for various industrial applications. These fabrics are light weight and are used for packaging[\/vc_column_text][vc_empty_space height=&#8221;24px&#8221;][vc_column_text]<\/p>\n<h4 class=\"box-title\">PP Canvas &#8211; Features<\/h4>\n<p>By applying them in various industrial areas, they are made from high-quality polypropylene materials and are recognizable by their:<\/p>\n<ul class=\"flat-list\">\n<li>tensile strength<\/li>\n<li>stretching<\/li>\n<li>dimensional stability<\/li>\n<li>wear resistance<\/li>\n<\/ul>\n<p>[\/vc_column_text][vc_empty_space height=&#8221;24px&#8221;][vc_column_text]Dalje, ovo je tako\u0111e u strogom skladu sa definisanim me\u0111unarodnim standardima kvaliteta. Neke od standardnih funkcija uklju\u010duju:<\/p>\n<ul class=\"flat-list\">\n<li>tkanine pronalaze aplikaciju za pakovanje<\/li>\n<li>za\u0161titu skele i druge krajnje proizvode<\/li>\n<li>tkanine dostupne u cevastim i otvorenim opcijama<\/li>\n<\/ul>\n<p>[\/vc_column_text][vc_empty_space height=&#8221;24px&#8221;][vc_column_text] Mo\u017eemo proizvesti <strong>PP<\/strong> tkane tkanine <strong>UV stabilizirane<\/strong>, boja po zahtjevu<\/p>\n<p>Mo\u017ee da ponudi i tkanina sa aditivima kao \u0161to su <strong>Color Masterbatch<\/strong>, <strong>U.V.<\/strong><br \/>\n[\/vc_column_text][vc_empty_space height=&#8221;24px&#8221;][\/vc_column][\/vc_row][vc_row content_placement=&#8221;middle&#8221; css=&#8221;.vc_custom_1559221633963{margin-top: 4% !important;background-color: #3a526a !important;}&#8221; el_class=&#8221;min-height-45&#8243;][vc_column width=&#8221;4\/6&#8243;][vc_column_text el_class=&#8221;min-height-45&#8243;]<\/p>\n<div class=\"wpb_text_column wpb_content_element \">\n<div class=\"wpb_wrapper\">\n<h4 class=\"whitehead\">Are you interested in the product?<\/h4>\n<\/div>\n<\/div>\n<p>[\/vc_column_text][\/vc_column][vc_column width=&#8221;2\/6&#8243;][vc_raw_html]JTNDZGl2JTIwY2xhc3MlM0QlMjJpbmZvLXRvcC1yaWdodCUyMiUzRSUwQSUyMCUyMCUyMCUyMCUyMCUyMCUyMCUyMCUyMCUyMCUyMCUyMCUwQSUyMCUyMCUyMCUyMCUyMCUyMCUyMCUyMCUyMCUyMCUyMCUyMCUzQ2ElMjBjbGFzcyUzRCUyMmFwcG9pbm1lbnQlMjBjZW50ZXIlMjIlMjBocmVmJTNEJTIyaHR0cHMlM0ElMkYlMkZiYW5la29tZXJjLnJzJTJGa29udGFrdGlyYWp0ZS1uYXMlMkYlMjIlM0VTZW5kJTIwcmVxdWVzdCUzQyUyRmElM0UlMEElMjAlMjAlMjAlMjAlMjAlMjAlMjAlMjAlMjAlMjAlMjAlMjAlM0MlMkZkaXYlM0U=[\/vc_raw_html][\/vc_column][\/vc_row][vc_row][vc_column][vc_empty_space height=&#8221;24px&#8221;][vc_column_text css=&#8221;.vc_custom_1559227349631{padding-bottom: 24px !important;}&#8221;]<\/p>\n<h4 class=\"box-title\">Images of the product<\/h4>\n<p>[\/vc_column_text][vc_empty_space height=&#8221;24px&#8221;][vc_media_grid element_width=&#8221;3&#8243; grid_id=&#8221;vc_gid:1559227085481-64c7a4ac-8329-4&#8243; include=&#8221;2483,2486,2487,1908,2488,2489,1911,1912&#8243;][vc_empty_space height=&#8221;24px&#8221;][\/vc_column][\/vc_row][vc_row disable_element=&#8221;yes&#8221;][vc_column width=&#8221;1\/2&#8243;][vc_video][\/vc_column][vc_column width=&#8221;1\/2&#8243;][vc_video][\/vc_column][\/vc_row][vc_row content_placement=&#8221;middle&#8221; css=&#8221;.vc_custom_1559221633963{margin-top: 4% !important;background-color: #3a526a !important;}&#8221; el_class=&#8221;min-height-45&#8243;][vc_column width=&#8221;4\/6&#8243;][vc_column_text el_class=&#8221;min-height-45&#8243;]<\/p>\n<div class=\"wpb_text_column wpb_content_element \">\n<div class=\"wpb_wrapper\">\n<h4 class=\"whitehead\">Are you interested in the product?<\/h4>\n<\/div>\n<\/div>\n<p>[\/vc_column_text][\/vc_column][vc_column width=&#8221;2\/6&#8243;][vc_raw_html]JTNDZGl2JTIwY2xhc3MlM0QlMjJpbmZvLXRvcC1yaWdodCUyMiUzRSUwQSUyMCUyMCUyMCUyMCUyMCUyMCUyMCUyMCUyMCUyMCUyMCUyMCUwQSUyMCUyMCUyMCUyMCUyMCUyMCUyMCUyMCUyMCUyMCUyMCUyMCUzQ2ElMjBjbGFzcyUzRCUyMmFwcG9pbm1lbnQlMjBjZW50ZXIlMjIlMjBocmVmJTNEJTIyaHR0cHMlM0ElMkYlMkZiYW5la29tZXJjLnJzJTJGa29udGFrdGlyYWp0ZS1uYXMlMkYlMjIlM0VTZW5kJTIwcmVxdWVzdCUzQyUyRmElM0UlMEElMjAlMjAlMjAlMjAlMjAlMjAlMjAlMjAlMjAlMjAlMjAlMjAlM0MlMkZkaXYlM0U=[\/vc_raw_html][\/vc_column][\/vc_row]<\/p>\n","protected":false},"excerpt":{"rendered":"<p>[vc_row][vc_column][vc_gallery type=&#8221;flexslider_slide&#8221; interval=&#8221;3&#8243; images=&#8221;2576&#8243; img_size=&#8221;full&#8221; onclick=&#8221;&#8221;][vc_empty_space height=&#8221;24px&#8221;][\/vc_column][\/vc_row][vc_row][vc_column][vc_column_text] Standardni tipovi manile veziva su: T-320 m\/kg T-500 m\/kg T-800 m\/kg T-1200 m\/kg T-1500 m\/kg namotane na kaleme od 1\/2 kg do 5 kg [\/vc_column_text][vc_empty_space height=&#8221;24px&#8221;][vc_column_text] Polipropilenska tkanina &#8211; vezivo Na\u0161e vezivo se standardno radi sa UV stabilizatorom u beloj boji ili u drugoj [&hellip;]<\/p>\n","protected":false},"author":1,"featured_media":0,"parent":2509,"menu_order":0,"comment_status":"closed","ping_status":"closed","template":"tpl\/page_single.php","meta":{"_monsterinsights_skip_tracking":false,"_monsterinsights_sitenote_active":false,"_monsterinsights_sitenote_note":"","_monsterinsights_sitenote_category":0,"footnotes":""},"class_list":["post-2575","page","type-page","status-publish","hentry"],"yoast_head":"<!-- This site is optimized with the Yoast SEO plugin v24.0 - https:\/\/yoast.com\/wordpress\/plugins\/seo\/ -->\n<title>PP Woven fabric1 - Banekomerc<\/title>\n<meta name=\"robots\" content=\"index, follow, max-snippet:-1, max-image-preview:large, max-video-preview:-1\" \/>\n<link rel=\"canonical\" href=\"https:\/\/banekomerc.rs\/en\/our-products\/pp-woven-fabric1\/\" \/>\n<meta property=\"og:locale\" content=\"en_US\" \/>\n<meta property=\"og:type\" content=\"article\" \/>\n<meta property=\"og:title\" content=\"PP Woven fabric1 - Banekomerc\" \/>\n<meta property=\"og:description\" content=\"[vc_row][vc_column][vc_gallery type=&#8221;flexslider_slide&#8221; interval=&#8221;3&#8243; images=&#8221;2576&#8243; img_size=&#8221;full&#8221; onclick=&#8221;&#8221;][vc_empty_space height=&#8221;24px&#8221;][\/vc_column][\/vc_row][vc_row][vc_column][vc_column_text] Standardni tipovi manile veziva su: T-320 m\/kg T-500 m\/kg T-800 m\/kg T-1200 m\/kg T-1500 m\/kg namotane na kaleme od 1\/2 kg do 5 kg [\/vc_column_text][vc_empty_space height=&#8221;24px&#8221;][vc_column_text] Polipropilenska tkanina &#8211; vezivo Na\u0161e vezivo se standardno radi sa UV stabilizatorom u beloj boji ili u drugoj [&hellip;]\" \/>\n<meta property=\"og:url\" content=\"https:\/\/banekomerc.rs\/en\/our-products\/pp-woven-fabric1\/\" \/>\n<meta property=\"og:site_name\" content=\"Banekomerc\" \/>\n<meta property=\"article:modified_time\" content=\"2019-05-31T09:43:48+00:00\" \/>\n<meta name=\"twitter:card\" content=\"summary_large_image\" \/>\n<meta name=\"twitter:label1\" content=\"Est. reading time\" \/>\n\t<meta name=\"twitter:data1\" content=\"3 minutes\" \/>\n<script type=\"application\/ld+json\" class=\"yoast-schema-graph\">{\"@context\":\"https:\/\/schema.org\",\"@graph\":[{\"@type\":\"WebPage\",\"@id\":\"https:\/\/banekomerc.rs\/en\/our-products\/pp-woven-fabric1\/\",\"url\":\"https:\/\/banekomerc.rs\/en\/our-products\/pp-woven-fabric1\/\",\"name\":\"PP Woven fabric1 - Banekomerc\",\"isPartOf\":{\"@id\":\"https:\/\/banekomerc.rs\/#website\"},\"datePublished\":\"2019-04-09T12:03:39+00:00\",\"dateModified\":\"2019-05-31T09:43:48+00:00\",\"breadcrumb\":{\"@id\":\"https:\/\/banekomerc.rs\/en\/our-products\/pp-woven-fabric1\/#breadcrumb\"},\"inLanguage\":\"en-US\",\"potentialAction\":[{\"@type\":\"ReadAction\",\"target\":[\"https:\/\/banekomerc.rs\/en\/our-products\/pp-woven-fabric1\/\"]}]},{\"@type\":\"BreadcrumbList\",\"@id\":\"https:\/\/banekomerc.rs\/en\/our-products\/pp-woven-fabric1\/#breadcrumb\",\"itemListElement\":[{\"@type\":\"ListItem\",\"position\":1,\"name\":\"\u041f\u043e\u0447\u0435\u0442\u043d\u0430\",\"item\":\"https:\/\/banekomerc.rs\/\"},{\"@type\":\"ListItem\",\"position\":2,\"name\":\"Our products\",\"item\":\"https:\/\/banekomerc.rs\/en\/our-products\/\"},{\"@type\":\"ListItem\",\"position\":3,\"name\":\"PP Woven fabric1\"}]},{\"@type\":\"WebSite\",\"@id\":\"https:\/\/banekomerc.rs\/#website\",\"url\":\"https:\/\/banekomerc.rs\/\",\"name\":\"Banekomerc\",\"description\":\"\",\"potentialAction\":[{\"@type\":\"SearchAction\",\"target\":{\"@type\":\"EntryPoint\",\"urlTemplate\":\"https:\/\/banekomerc.rs\/?s={search_term_string}\"},\"query-input\":{\"@type\":\"PropertyValueSpecification\",\"valueRequired\":true,\"valueName\":\"search_term_string\"}}],\"inLanguage\":\"en-US\"}]}<\/script>\n<!-- \/ Yoast SEO plugin. -->","yoast_head_json":{"title":"PP Woven fabric1 - Banekomerc","robots":{"index":"index","follow":"follow","max-snippet":"max-snippet:-1","max-image-preview":"max-image-preview:large","max-video-preview":"max-video-preview:-1"},"canonical":"https:\/\/banekomerc.rs\/en\/our-products\/pp-woven-fabric1\/","og_locale":"en_US","og_type":"article","og_title":"PP Woven fabric1 - Banekomerc","og_description":"[vc_row][vc_column][vc_gallery type=&#8221;flexslider_slide&#8221; interval=&#8221;3&#8243; images=&#8221;2576&#8243; img_size=&#8221;full&#8221; onclick=&#8221;&#8221;][vc_empty_space height=&#8221;24px&#8221;][\/vc_column][\/vc_row][vc_row][vc_column][vc_column_text] Standardni tipovi manile veziva su: T-320 m\/kg T-500 m\/kg T-800 m\/kg T-1200 m\/kg T-1500 m\/kg namotane na kaleme od 1\/2 kg do 5 kg [\/vc_column_text][vc_empty_space height=&#8221;24px&#8221;][vc_column_text] Polipropilenska tkanina &#8211; vezivo Na\u0161e vezivo se standardno radi sa UV stabilizatorom u beloj boji ili u drugoj [&hellip;]","og_url":"https:\/\/banekomerc.rs\/en\/our-products\/pp-woven-fabric1\/","og_site_name":"Banekomerc","article_modified_time":"2019-05-31T09:43:48+00:00","twitter_card":"summary_large_image","twitter_misc":{"Est. reading time":"3 minutes"},"schema":{"@context":"https:\/\/schema.org","@graph":[{"@type":"WebPage","@id":"https:\/\/banekomerc.rs\/en\/our-products\/pp-woven-fabric1\/","url":"https:\/\/banekomerc.rs\/en\/our-products\/pp-woven-fabric1\/","name":"PP Woven fabric1 - Banekomerc","isPartOf":{"@id":"https:\/\/banekomerc.rs\/#website"},"datePublished":"2019-04-09T12:03:39+00:00","dateModified":"2019-05-31T09:43:48+00:00","breadcrumb":{"@id":"https:\/\/banekomerc.rs\/en\/our-products\/pp-woven-fabric1\/#breadcrumb"},"inLanguage":"en-US","potentialAction":[{"@type":"ReadAction","target":["https:\/\/banekomerc.rs\/en\/our-products\/pp-woven-fabric1\/"]}]},{"@type":"BreadcrumbList","@id":"https:\/\/banekomerc.rs\/en\/our-products\/pp-woven-fabric1\/#breadcrumb","itemListElement":[{"@type":"ListItem","position":1,"name":"\u041f\u043e\u0447\u0435\u0442\u043d\u0430","item":"https:\/\/banekomerc.rs\/"},{"@type":"ListItem","position":2,"name":"Our products","item":"https:\/\/banekomerc.rs\/en\/our-products\/"},{"@type":"ListItem","position":3,"name":"PP Woven fabric1"}]},{"@type":"WebSite","@id":"https:\/\/banekomerc.rs\/#website","url":"https:\/\/banekomerc.rs\/","name":"Banekomerc","description":"","potentialAction":[{"@type":"SearchAction","target":{"@type":"EntryPoint","urlTemplate":"https:\/\/banekomerc.rs\/?s={search_term_string}"},"query-input":{"@type":"PropertyValueSpecification","valueRequired":true,"valueName":"search_term_string"}}],"inLanguage":"en-US"}]}},"_links":{"self":[{"href":"https:\/\/banekomerc.rs\/en\/wp-json\/wp\/v2\/pages\/2575","targetHints":{"allow":["GET"]}}],"collection":[{"href":"https:\/\/banekomerc.rs\/en\/wp-json\/wp\/v2\/pages"}],"about":[{"href":"https:\/\/banekomerc.rs\/en\/wp-json\/wp\/v2\/types\/page"}],"author":[{"embeddable":true,"href":"https:\/\/banekomerc.rs\/en\/wp-json\/wp\/v2\/users\/1"}],"replies":[{"embeddable":true,"href":"https:\/\/banekomerc.rs\/en\/wp-json\/wp\/v2\/comments?post=2575"}],"version-history":[{"count":5,"href":"https:\/\/banekomerc.rs\/en\/wp-json\/wp\/v2\/pages\/2575\/revisions"}],"predecessor-version":[{"id":2578,"href":"https:\/\/banekomerc.rs\/en\/wp-json\/wp\/v2\/pages\/2575\/revisions\/2578"}],"up":[{"embeddable":true,"href":"https:\/\/banekomerc.rs\/en\/wp-json\/wp\/v2\/pages\/2509"}],"wp:attachment":[{"href":"https:\/\/banekomerc.rs\/en\/wp-json\/wp\/v2\/media?parent=2575"}],"curies":[{"name":"wp","href":"https:\/\/api.w.org\/{rel}","templated":true}]}}